{"id":762,"date":"2019-01-11T21:34:49","date_gmt":"2019-01-11T20:34:49","guid":{"rendered":"http:\/\/kumnye.lucani.eu\/o-kum-nye\/?page_id=762"},"modified":"2019-09-19T21:47:48","modified_gmt":"2019-09-19T19:47:48","slug":"ochutnavka","status":"publish","type":"page","link":"https:\/\/kumnye.lucani.eu\/o-kum-nye\/2021\/09\/01\/rozlouceni-s-matthiasem\/ochutnavka\/","title":{"rendered":"Ochutn\u00e1vka"},"content":{"rendered":"\n<h4 class=\"wp-block-heading\" style=\"text-align:center\">                                       Co to je KumNye ?<\/h4>\n\n\n\n<figure class=\"wp-block-video aligncenter\"><video controls src=\"http:\/\/kumnye.cz\/wp-content\/uploads\/2019\/09\/KumNye.mp4\"><\/video><\/figure>\n\n\n\n<ul><li> <strong>1. \u010d\u00e1st- \u00davod (22 minut) <\/strong><\/li><\/ul>\n\n\n\n<figure class=\"wp-block-audio\"><audio controls src=\"http:\\\\kumnye.cz\\wp-content\\uploads\\2019\\01\\1 \u010d\u00e1st- \u00davod (22min).mp3\"><\/audio><\/figure>\n\n\n\n<ul><li><strong>2. \u010d\u00e1st &#8211; P\u0159\u00edtomn\u00fd pro\u017eitek (13 minut) &#8211; sezen\u00ed<\/strong><\/li><\/ul>\n\n\n\n<figure class=\"wp-block-audio\"><audio controls src=\"http:\\\\kumnye.cz\\wp-content\\uploads\\2019\\01\\2 \u010d\u00e1st- P\u0159\u00edtomn\u00fd pro\u017eitek-Sezen\u00ed (13min).mp3\"><\/audio><\/figure>\n\n\n\n<ul><li> <strong>3. \u010d\u00e1st- Cvi\u010den\u00ed s P\u0159edklonem (29 minut)<\/strong><\/li><\/ul>\n\n\n\n<figure class=\"wp-block-audio\"><audio controls src=\"http:\\\\\\kumnye.cz\\wp-content\\uploads\\2019\\01\\3 \u010d\u00e1st- cvi\u010den\u00ed s P\u0159edklonem (29min).mp3\"><\/audio><\/figure>\n\n\n\n<ul><li><strong> 4. \u010d\u00e1st &#8211; Krou\u017een\u00ed hlavou (26 minut) <\/strong><\/li><\/ul>\n\n\n\n<figure class=\"wp-block-audio\"><audio controls src=\"http:\\\\kumnye.cz\\wp-content\\uploads\\2019\\01\\4 \u010d\u00e1st- Krou\u017een\u00ed hlavou (26min).mp3\"><\/audio><\/figure>\n\n\n\n<ul><li><strong> 5. \u010d\u00e1st- Ruce vzh\u016fru-na strany s dechem (22 minut)<\/strong><\/li><\/ul>\n\n\n\n<figure class=\"wp-block-audio\"><audio controls src=\"http:\\\\kumnye.cz\\wp-content\\uploads\\2019\\01\\5 \u010d\u00e1st- Ruce vzh\u016fru-na strany s dechem (22min).mp3\"><\/audio><\/figure>\n\n\n\n<ul><li> <strong>6. \u010d\u00e1st- Ot\u00e1zky (29 minut)<\/strong><\/li><\/ul>\n\n\n\n<figure class=\"wp-block-embed-youtube aligncenter wp-block-embed is-type-video is-provider-youtube wp-embed-aspect-16-9 wp-has-aspect-ratio\"><div class=\"wp-block-embed__wrapper\">\n<iframe title=\"Kumnye Workshop\" width=\"640\" height=\"360\" src=\"https:\/\/www.youtube.com\/embed\/3TEEvHONjuM?feature=oembed\" frameborder=\"0\" allow=\"accelerometer; autoplay; clipboard-write; encrypted-media; gyroscope; picture-in-picture\" allowfullscreen><\/iframe>\n<\/div><\/figure>\n\n\n\n<figure class=\"wp-block-audio\"><audio controls src=\"http:\\\\\\kumnye.cz\\wp-content\\uploads\\2019\\01\\6 \u010d\u00e1st- Ot\u00e1zky (29min).mp3\"><\/audio><\/figure>\n","protected":false},"excerpt":{"rendered":"<p>Co to je KumNye ? 1. \u010d\u00e1st- \u00davod (22 minut) 2. \u010d\u00e1st &#8211; P\u0159\u00edtomn\u00fd pro\u017eitek (13 minut) &#8211; sezen\u00ed 3. \u010d\u00e1st- Cvi\u010den\u00ed s P\u0159edklonem (29&hellip;<\/p>\n","protected":false},"author":1,"featured_media":0,"parent":0,"menu_order":0,"comment_status":"closed","ping_status":"closed","template":"","meta":{"_mo_disable_npp":"","footnotes":""},"categories":[],"tags":[],"_links":{"self":[{"href":"https:\/\/kumnye.lucani.eu\/o-kum-nye\/2021\/09\/01\/rozlouceni-s-matthiasem\/wp-json\/wp\/v2\/pages\/762"}],"collection":[{"href":"https:\/\/kumnye.lucani.eu\/o-kum-nye\/2021\/09\/01\/rozlouceni-s-matthiasem\/wp-json\/wp\/v2\/pages"}],"about":[{"href":"https:\/\/kumnye.lucani.eu\/o-kum-nye\/2021\/09\/01\/rozlouceni-s-matthiasem\/wp-json\/wp\/v2\/types\/page"}],"author":[{"embeddable":true,"href":"https:\/\/kumnye.lucani.eu\/o-kum-nye\/2021\/09\/01\/rozlouceni-s-matthiasem\/wp-json\/wp\/v2\/users\/1"}],"replies":[{"embeddable":true,"href":"https:\/\/kumnye.lucani.eu\/o-kum-nye\/2021\/09\/01\/rozlouceni-s-matthiasem\/wp-json\/wp\/v2\/comments?post=762"}],"version-history":[{"count":0,"href":"https:\/\/kumnye.lucani.eu\/o-kum-nye\/2021\/09\/01\/rozlouceni-s-matthiasem\/wp-json\/wp\/v2\/pages\/762\/revisions"}],"wp:attachment":[{"href":"https:\/\/kumnye.lucani.eu\/o-kum-nye\/2021\/09\/01\/rozlouceni-s-matthiasem\/wp-json\/wp\/v2\/media?parent=762"}],"wp:term":[{"taxonomy":"category","embeddable":true,"href":"https:\/\/kumnye.lucani.eu\/o-kum-nye\/2021\/09\/01\/rozlouceni-s-matthiasem\/wp-json\/wp\/v2\/categories?post=762"},{"taxonomy":"post_tag","embeddable":true,"href":"https:\/\/kumnye.lucani.eu\/o-kum-nye\/2021\/09\/01\/rozlouceni-s-matthiasem\/wp-json\/wp\/v2\/tags?post=762"}],"curies":[{"name":"wp","href":"https:\/\/api.w.org\/{rel}","templated":true}]}}