{"id":739,"date":"2018-11-26T20:18:53","date_gmt":"2018-11-26T19:18:53","guid":{"rendered":"http:\/\/kumnye.lucani.eu\/o-kum-nye\/?page_id=739"},"modified":"2018-11-26T20:26:29","modified_gmt":"2018-11-26T19:26:29","slug":"kontakt","status":"publish","type":"page","link":"http:\/\/kumnye.lucani.eu\/o-kum-nye\/2021\/09\/01\/rozlouceni-s-matthiasem\/kontakt\/","title":{"rendered":"Kontakt"},"content":{"rendered":"\t\t<div data-elementor-type=\"wp-post\" data-elementor-id=\"739\" class=\"elementor elementor-739 elementor-bc-flex-widget\">\n\t\t\t\t\t\t<section class=\"elementor-section elementor-top-section elementor-element elementor-element-33d346d8 elementor-section-boxed elementor-section-height-default elementor-section-height-default\" data-id=\"33d346d8\" data-element_type=\"section\">\n\t\t\t\t\t\t<div class=\"elementor-container elementor-column-gap-default\">\n\t\t\t\t\t<div class=\"elementor-column elementor-col-100 elementor-top-column elementor-element elementor-element-533f3c6d\" data-id=\"533f3c6d\" data-element_type=\"column\">\n\t\t\t<div class=\"elementor-widget-wrap elementor-element-populated\">\n\t\t\t\t\t\t<div class=\"elementor-element elementor-element-75ccd49 elementor-widget elementor-widget-text-editor\" data-id=\"75ccd49\" data-element_type=\"widget\" data-widget_type=\"text-editor.default\">\n\t\t\t\t<div class=\"elementor-widget-container\">\n\t\t\t\t\t\t\t\t\t<p><\/p><p style=\"text-align: center; padding-left: 30px;\">\u00a0<\/p><p><\/p><p><\/p><p style=\"padding-left: 450px;\"><strong>Bli\u017e\u0161\u00ed informace:<\/strong><\/p><p style=\"padding-left: 450px;\"><br \/>Marie Brynychov\u00e1, <br \/>Kulturn\u00ed st\u0159edisko m\u011bsta Bechyn\u011b<br \/>U N\u00e1dra\u017e\u00ed 602,<br \/>Bechyn\u011b<br \/><strong>PS\u010c:<\/strong> 391 65<\/p><p style=\"padding-left: 450px;\"><strong>Telefon:<\/strong> +420 737 507 775<br \/><strong>e-mail:<\/strong> mariebechyn@gmail.com<\/p><p><\/p><p><\/p><p><\/p><p><\/p><p><\/p>\t\t\t\t\t\t\t\t<\/div>\n\t\t\t\t<\/div>\n\t\t\t\t\t<\/div>\n\t\t<\/div>\n\t\t\t\t\t<\/div>\n\t\t<\/section>\n\t\t\t\t<\/div>\n\t\t","protected":false},"excerpt":{"rendered":"<p>\u00a0 Bli\u017e\u0161\u00ed informace: Marie Brynychov\u00e1, Kulturn\u00ed st\u0159edisko m\u011bsta Bechyn\u011bU N\u00e1dra\u017e\u00ed 602,Bechyn\u011bPS\u010c: 391 65 Telefon: +420 737 507 775e-mail: mariebechyn@gmail.com<\/p>\n","protected":false},"author":1,"featured_media":0,"parent":0,"menu_order":0,"comment_status":"closed","ping_status":"closed","template":"","meta":{"_mo_disable_npp":"","footnotes":""},"categories":[],"tags":[],"_links":{"self":[{"href":"http:\/\/kumnye.lucani.eu\/o-kum-nye\/2021\/09\/01\/rozlouceni-s-matthiasem\/wp-json\/wp\/v2\/pages\/739"}],"collection":[{"href":"http:\/\/kumnye.lucani.eu\/o-kum-nye\/2021\/09\/01\/rozlouceni-s-matthiasem\/wp-json\/wp\/v2\/pages"}],"about":[{"href":"http:\/\/kumnye.lucani.eu\/o-kum-nye\/2021\/09\/01\/rozlouceni-s-matthiasem\/wp-json\/wp\/v2\/types\/page"}],"author":[{"embeddable":true,"href":"http:\/\/kumnye.lucani.eu\/o-kum-nye\/2021\/09\/01\/rozlouceni-s-matthiasem\/wp-json\/wp\/v2\/users\/1"}],"replies":[{"embeddable":true,"href":"http:\/\/kumnye.lucani.eu\/o-kum-nye\/2021\/09\/01\/rozlouceni-s-matthiasem\/wp-json\/wp\/v2\/comments?post=739"}],"version-history":[{"count":0,"href":"http:\/\/kumnye.lucani.eu\/o-kum-nye\/2021\/09\/01\/rozlouceni-s-matthiasem\/wp-json\/wp\/v2\/pages\/739\/revisions"}],"wp:attachment":[{"href":"http:\/\/kumnye.lucani.eu\/o-kum-nye\/2021\/09\/01\/rozlouceni-s-matthiasem\/wp-json\/wp\/v2\/media?parent=739"}],"wp:term":[{"taxonomy":"category","embeddable":true,"href":"http:\/\/kumnye.lucani.eu\/o-kum-nye\/2021\/09\/01\/rozlouceni-s-matthiasem\/wp-json\/wp\/v2\/categories?post=739"},{"taxonomy":"post_tag","embeddable":true,"href":"http:\/\/kumnye.lucani.eu\/o-kum-nye\/2021\/09\/01\/rozlouceni-s-matthiasem\/wp-json\/wp\/v2\/tags?post=739"}],"curies":[{"name":"wp","href":"https:\/\/api.w.org\/{rel}","templated":true}]}}