{"id":11,"date":"2018-10-11T11:04:54","date_gmt":"2018-10-11T09:04:54","guid":{"rendered":"http:\/\/kumnye.lucani.eu\/?page_id=11"},"modified":"2018-11-18T09:45:56","modified_gmt":"2018-11-18T08:45:56","slug":"knihy","status":"publish","type":"page","link":"http:\/\/kumnye.lucani.eu\/o-kum-nye\/2021\/09\/01\/rozlouceni-s-matthiasem\/knihy\/","title":{"rendered":"Knihy"},"content":{"rendered":"\n<table id=\"tablepress-1\" class=\"tablepress tablepress-id-1\">\n<tbody>\n<tr class=\"row-1\">\n\t<td class=\"column-1\"><img fetchpriority=\"high\" decoding=\"async\" src=\"http:\/\/kumnye.lucani.eu\/wp-content\/uploads\/2018\/11\/radostne-byti-210x300.jpg\" alt=\"\" width=\"210\" height=\"300\" class=\"alignnone size-medium wp-image-652\" srcset=\"http:\/\/kumnye.lucani.eu\/wp-content\/uploads\/2018\/11\/radostne-byti-210x300.jpg 210w, http:\/\/kumnye.lucani.eu\/wp-content\/uploads\/2018\/11\/radostne-byti.jpg 333w\" sizes=\"(max-width: 210px) 100vw, 210px\" \/><\/td><td class=\"column-2\"><a href=\"https:\/\/www.databazeknih.cz\/knihy\/radostne-byti-93615\" rel=\"noopener\" target=\"_blank\">Tarhang Tulku \u2013 Radostn\u00e9 byt\u00ed<\/a><br \/>\nCvi\u010den\u00ed Kum Nye pro relaxaci, integraci a koncentraci. Tibetsk\u00fd lama, \u017eij\u00edc\u00ed v USA, p\u0159edstavuje z\u00e1padn\u00edm student\u016fm Kum Nye, jakousi j\u00f3gu v tibetsk\u00e9 tradici. Kniha obsahuje v\u00edce ne\u017e \u010dty\u0159icet popis\u016f fyzick\u00fdch, smyslov\u00fdch a ment\u00e1ln\u00edch cvi\u010den\u00ed, kter\u00e1 otev\u00edraj\u00ed nov\u00e9 dimense radosti a \u0161t\u011bst\u00ed. Mnoho n\u00e1zorn\u00fdch ilustrac\u00ed. Kniha voln\u011b tematicky navazuje na velmi \u00fasp\u011b\u0161nou Tibetskou l\u00e9\u010debnou relaxaci Kum Nye, kter\u00e1 vy\u0161la p\u0159ed lety v nakladatelstv\u00ed Alternativa.<\/td>\n<\/tr>\n<tr class=\"row-2\">\n\t<td class=\"column-1\"><img decoding=\"async\" src=\"http:\/\/kumnye.lucani.eu\/wp-content\/uploads\/2018\/11\/tibetske-mistrovske-metody-188x300.jpg\" alt=\"\" width=\"188\" height=\"300\" class=\"alignnone size-medium wp-image-656\" srcset=\"http:\/\/kumnye.lucani.eu\/wp-content\/uploads\/2018\/11\/tibetske-mistrovske-metody-188x300.jpg 188w, http:\/\/kumnye.lucani.eu\/wp-content\/uploads\/2018\/11\/tibetske-mistrovske-metody.jpg 315w\" sizes=\"(max-width: 188px) 100vw, 188px\" \/><\/td><td class=\"column-2\"><a href=\"https:\/\/www.databazeknih.cz\/knihy\/tibetske-mistrovske-metody-93606\" rel=\"noopener\" target=\"_blank\">Tarthang Tulku \u2013 Tibetsk\u00e9 mistrovsk\u00e9 metody<\/a><br \/>\nKniha vych\u00e1z\u00ed z tradice tibetsk\u00e9ho buddhismu a popisuje metody a cesty k sebezdokonalov\u00e1n\u00ed. Jednou z cest, jak z\u016fstat v souladu s\u00e1m se sebou a zvl\u00e1dat st\u00e1le rostouc\u00ed n\u00e1roky na zvy\u0161uj\u00edc\u00ed se \u017eivotn\u00ed tempo, je za\u010d\u00edt br\u00e1t pr\u00e1ci jako kon\u00ed\u010dka.<\/td>\n<\/tr>\n<tr class=\"row-3\">\n\t<td class=\"column-1\"><img decoding=\"async\" src=\"http:\/\/kumnye.lucani.eu\/wp-content\/uploads\/2018\/11\/tibetske-mistrovske-metody-v-praci-182x300.jpg\" alt=\"\" width=\"182\" height=\"300\" class=\"alignnone size-medium wp-image-655\" srcset=\"http:\/\/kumnye.lucani.eu\/wp-content\/uploads\/2018\/11\/tibetske-mistrovske-metody-v-praci-182x300.jpg 182w, http:\/\/kumnye.lucani.eu\/wp-content\/uploads\/2018\/11\/tibetske-mistrovske-metody-v-praci.jpg 333w\" sizes=\"(max-width: 182px) 100vw, 182px\" \/><\/td><td class=\"column-2\"><a href=\"https:\/\/www.databazeknih.cz\/knihy\/tibetske-mistrovske-metody-v-praci-93611\" rel=\"noopener\" target=\"_blank\">Tarthang Tulku \u2013 Tibetsk\u00e9 mistrovsk\u00e9 metody v pr\u00e1ci<\/a><br \/>\nV\u011bt\u0161ina lid\u00ed chod\u00ed do zam\u011bstn\u00e1n\u00ed hlavn\u011b kv\u016fli v\u00fdd\u011blku \u010di spole\u010densk\u00e9mu postaven\u00ed, vlastn\u00ed n\u00e1pl\u0148 hraje a\u017e druhotnou roli. Ov\u0161em mus\u00ed-li se \u010dlov\u011bk do pr\u00e1ce nuti, nar\u00fast\u00e1 v n\u011bm vnit\u0159n\u00ed konflikt, kter\u00fd ho vy\u010derp\u00e1va fyzicky i psychicky. Nedostatek zaujet\u00ed vede k pr\u016fm\u011brnosti a m\u00edsto pocitu napln\u011bn\u00ed se dostavuje roz\u010darov\u00e1n\u00ed. Po letech tvrd\u00e9 d\u0159iny se \u010dlov\u011bk zastav\u00ed a za\u010dne se pt\u00e1t s\u00e1m sebe: Nezaplatil jsem p\u0159\u00edli\u0161 vysokou cenu? M\u011bl m\u016fj \u017eivot v\u016fbec smyst, nebo jsem prome\u0161kal jeho v\u011bt\u0161\u00ed d\u00edl? m\u00e9n\u011b textu<\/td>\n<\/tr>\n<tr class=\"row-4\">\n\t<td class=\"column-1\"><img loading=\"lazy\" decoding=\"async\" src=\"http:\/\/kumnye.lucani.eu\/wp-content\/uploads\/2018\/11\/otevrena-mysl-201x300.jpg\" alt=\"\" width=\"201\" height=\"300\" class=\"alignnone size-medium wp-image-654\" srcset=\"http:\/\/kumnye.lucani.eu\/wp-content\/uploads\/2018\/11\/otevrena-mysl-201x300.jpg 201w, http:\/\/kumnye.lucani.eu\/wp-content\/uploads\/2018\/11\/otevrena-mysl.jpg 333w\" sizes=\"(max-width: 201px) 100vw, 201px\" \/><\/td><td class=\"column-2\"><a href=\"https:\/\/www.databazeknih.cz\/knihy\/otevrena-mysl-93613\" rel=\"noopener\" target=\"_blank\">Tarthang Tulku \u2013 Otev\u0159en\u00e1 mysl <\/a><br \/>\nSebepozn\u00e1v\u00e1n\u00ed a vnit\u0159n\u00ed klid prost\u0159ednictv\u00edm meditace. Kniha ukazuje, jak\u00fd m\u00e1 meditace smysl a jak je mo\u017eno ji praktikovat. T\u00edm, \u017ee p\u0159edstavuje meditaci jako zp\u016fsob otev\u0159en\u00ed se na\u0161\u00ed mysli k bohatstv\u00ed v\u0161eho pro\u017e\u00edv\u00e1n\u00ed, zd\u016f\u0159az\u0148uje praktick\u00fd p\u0159\u00edstup, kter\u00fd m\u016f\u017ee ka\u017ed\u00fd z n\u00e1s vyu\u017e\u00edt k rozvinut\u00ed sv\u00e9 bd\u011blosti, k p\u0159es\u00e1hnut\u00ed omezen\u00ed p\u0159edstavy \"j\u00e1\", ke zlep\u0161en\u00ed soust\u0159ed\u011bn\u00ed a k vytvo\u0159en\u00ed pozitivn\u00edch zm\u011bn ve sv\u00e9m \u017eivot\u011b.<\/td>\n<\/tr>\n<tr class=\"row-5\">\n\t<td class=\"column-1\"><img loading=\"lazy\" decoding=\"async\" src=\"http:\/\/kumnye.lucani.eu\/wp-content\/uploads\/2018\/11\/zivot-v-harmonii-199x300.jpg\" alt=\"\" width=\"199\" height=\"300\" class=\"alignnone size-medium wp-image-653\" srcset=\"http:\/\/kumnye.lucani.eu\/wp-content\/uploads\/2018\/11\/zivot-v-harmonii-199x300.jpg 199w, http:\/\/kumnye.lucani.eu\/wp-content\/uploads\/2018\/11\/zivot-v-harmonii.jpg 333w\" sizes=\"(max-width: 199px) 100vw, 199px\" \/><\/td><td class=\"column-2\"><a href=\"https:\/\/www.databazeknih.cz\/knihy\/zivot-v-harmonii-93610\" rel=\"noopener\" target=\"_blank\">Tarthang Tulku \u2013 \u017divot v harmonii<\/a><br \/>\nNauka v\u00fdzna\u010dn\u00e9ho tibetsk\u00e9ho u\u010ditele meditace p\u016fsob\u00edc\u00edho v USA, psan\u00e1 zcela modern\u00edm jazykem, srozumiteln\u00fdm v\u0161em. P\u011bt \u010d\u00e1st\u00ed knihy pojedn\u00e1v\u00e1 o otev\u0159enosti, odpov\u011bdnosti, frustrac\u00edch, relaxaci, meditaci, bd\u011bl\u00e9m v\u011bdom\u00ed a vztahu mezi u\u010ditelem a \u017e\u00e1kem.<br \/>\nKniha byla p\u0159elo\u017eena do \u0159ady z\u00e1padn\u00edch jazyk\u016f a od r. 1988 byla na \u0159ad\u011b \u0161kol a universit v USA i jinde za\u0159azena do z\u00e1kladn\u00edch studijn\u00edch materi\u00e1l\u016f. Edice Mangalam.<br \/>\n\"Jakmile se jednou va\u0161e srdce otev\u0159e, cel\u00e1 existence se v\u00e1m bude zd\u00e1t p\u0159irozen\u011b kr\u00e1sn\u00e1 a harmonick\u00e1.\"<\/td>\n<\/tr>\n<tr class=\"row-6\">\n\t<td class=\"column-1\"><img loading=\"lazy\" decoding=\"async\" src=\"http:\/\/kumnye.lucani.eu\/wp-content\/uploads\/2018\/11\/kum-nye-cesta-ke-smysluplnemu-zivot-192x300.jpg\" alt=\"\" width=\"192\" height=\"300\" class=\"alignnone size-medium wp-image-657\" srcset=\"http:\/\/kumnye.lucani.eu\/wp-content\/uploads\/2018\/11\/kum-nye-cesta-ke-smysluplnemu-zivot-192x300.jpg 192w, http:\/\/kumnye.lucani.eu\/wp-content\/uploads\/2018\/11\/kum-nye-cesta-ke-smysluplnemu-zivot.jpg 333w\" sizes=\"(max-width: 192px) 100vw, 192px\" \/><\/td><td class=\"column-2\"><a href=\"https:\/\/www.databazeknih.cz\/knihy\/kum-nye-cesta-ke-smysluplnemu-zivotu-364466\" rel=\"noopener\" target=\"_blank\">Matthias Steurich - Kumnye Cesta ke smyslupln\u00e9mu \u017eivotu   <\/a><br \/>\nTibetsk\u00e1 l\u00e9\u010debn\u00e1 j\u00f3ga Kum Nye poch\u00e1z\u00ed z prastar\u00e9 kl\u00e1\u0161tern\u00ed tradice. Skl\u00e1d\u00e1 se z t\u011blesn\u00fdch a dechov\u00fdch cvi\u010den\u00ed, automas\u00e1\u017e\u00ed a meditace.<br \/>\nJej\u00ed zvl\u00e1\u0161tnost\u00ed je to, \u017ee cvi\u010den\u00ed spojuje s buddhistickou meditac\u00ed pozornosti a \u00fa\u010dinn\u011b pom\u00e1h\u00e1 zklidnit na\u0161\u00ed mysl.<\/td>\n<\/tr>\n<tr class=\"row-7\">\n\t<td class=\"column-1\"><img loading=\"lazy\" decoding=\"async\" src=\"http:\/\/kumnye.lucani.eu\/wp-content\/uploads\/2018\/11\/9227_005611-207x300.jpg\" alt=\"\" width=\"207\" height=\"300\" class=\"alignnone size-medium wp-image-698\" srcset=\"http:\/\/kumnye.lucani.eu\/wp-content\/uploads\/2018\/11\/9227_005611-207x300.jpg 207w, http:\/\/kumnye.lucani.eu\/wp-content\/uploads\/2018\/11\/9227_005611.jpg 333w\" sizes=\"(max-width: 207px) 100vw, 207px\" \/><\/td><td class=\"column-2\"><a href=\"https:\/\/www.databazeknih.cz\/knihy\/tibetska-lecebna-relaxace-kum-nye-112882\" rel=\"noopener\" target=\"_blank\">Tibetsk\u00e1 l\u00e9\u010debn\u00e1 relaxace Kum Nye<\/a><br \/>\nBuddhistick\u00e1 relaxace Kum Nye vych\u00e1z\u00ed ze star\u00fdch tibetsk\u00fdch l\u00e9\u010debn\u00fdch a duchovn\u00edch princip\u016f a p\u0159edstavuje \u00fa\u010dinnou metodu pro o\u017eiven\u00ed t\u011bla a mysli. Relaxace zahrnuje techniku d\u00fdch\u00e1n\u00ed, koncentraci, automas\u00e1\u017e a celou \u0159adu speci\u00e1ln\u00edch pohybov\u00fdch cvi\u010den\u00ed, kter\u00e1 vedou k vyrovn\u00e1n\u00ed, stimulaci a transformaci t\u011blesn\u00fdch a psychick\u00fdch energi\u00ed. Text doprov\u00e1z\u00ed n\u00e1zorn\u00e1 vyobrazen\u00ed. <\/td>\n<\/tr>\n<\/tbody>\n<\/table>\n<!-- #tablepress-1 from cache -->\n","protected":false},"excerpt":{"rendered":"","protected":false},"author":1,"featured_media":0,"parent":0,"menu_order":0,"comment_status":"closed","ping_status":"closed","template":"","meta":{"_mo_disable_npp":"","footnotes":""},"categories":[],"tags":[],"_links":{"self":[{"href":"http:\/\/kumnye.lucani.eu\/o-kum-nye\/2021\/09\/01\/rozlouceni-s-matthiasem\/wp-json\/wp\/v2\/pages\/11"}],"collection":[{"href":"http:\/\/kumnye.lucani.eu\/o-kum-nye\/2021\/09\/01\/rozlouceni-s-matthiasem\/wp-json\/wp\/v2\/pages"}],"about":[{"href":"http:\/\/kumnye.lucani.eu\/o-kum-nye\/2021\/09\/01\/rozlouceni-s-matthiasem\/wp-json\/wp\/v2\/types\/page"}],"author":[{"embeddable":true,"href":"http:\/\/kumnye.lucani.eu\/o-kum-nye\/2021\/09\/01\/rozlouceni-s-matthiasem\/wp-json\/wp\/v2\/users\/1"}],"replies":[{"embeddable":true,"href":"http:\/\/kumnye.lucani.eu\/o-kum-nye\/2021\/09\/01\/rozlouceni-s-matthiasem\/wp-json\/wp\/v2\/comments?post=11"}],"version-history":[{"count":0,"href":"http:\/\/kumnye.lucani.eu\/o-kum-nye\/2021\/09\/01\/rozlouceni-s-matthiasem\/wp-json\/wp\/v2\/pages\/11\/revisions"}],"wp:attachment":[{"href":"http:\/\/kumnye.lucani.eu\/o-kum-nye\/2021\/09\/01\/rozlouceni-s-matthiasem\/wp-json\/wp\/v2\/media?parent=11"}],"wp:term":[{"taxonomy":"category","embeddable":true,"href":"http:\/\/kumnye.lucani.eu\/o-kum-nye\/2021\/09\/01\/rozlouceni-s-matthiasem\/wp-json\/wp\/v2\/categories?post=11"},{"taxonomy":"post_tag","embeddable":true,"href":"http:\/\/kumnye.lucani.eu\/o-kum-nye\/2021\/09\/01\/rozlouceni-s-matthiasem\/wp-json\/wp\/v2\/tags?post=11"}],"curies":[{"name":"wp","href":"https:\/\/api.w.org\/{rel}","templated":true}]}}